{"id":204,"date":"2014-01-17T08:34:17","date_gmt":"2014-01-17T07:34:17","guid":{"rendered":"http:\/\/karex.cz\/?page_id=204"},"modified":"2014-10-23T13:01:44","modified_gmt":"2014-10-23T12:01:44","slug":"uvod-anglicky","status":"publish","type":"page","link":"https:\/\/karex.cz\/en\/","title":{"rendered":"Home"},"content":{"rendered":"<h1 style=\"color: #00a8da;\">Service trucks and buses IVECO<\/h1>\n<p style=\"color: #666666;\">Karex SpA provides an <strong>authorized service for buses IVECO BUS, Irisbus &#8211; IVECO and Karosa, authorized<br \/>\nservice for trucks<img loading=\"lazy\" decoding=\"async\" class=\" wp-image-503 alignright\" src=\"https:\/\/karex.cz\/wp-content\/uploads\/2014\/07\/iso.jpg\" alt=\"iso\" width=\"156\" height=\"104\" srcset=\"https:\/\/karex.cz\/wp-content\/uploads\/2014\/07\/iso.jpg 760w, https:\/\/karex.cz\/wp-content\/uploads\/2014\/07\/iso-300x200.jpg 300w\" sizes=\"auto, (max-width: 156px) 100vw, 156px\" \/><\/strong> and <strong>commercial vehicles IVECO<\/strong>. We also offer customer service for all brands of trucks and buses, and other services such as<a title=\"Independent heating\" href=\"https:\/\/karex.cz\/en\/independent-heating\/\"> installation of independent heating<\/a>, <a title=\"Painting\" href=\"https:\/\/karex.cz\/en\/other-services\/painting\/\">painting<\/a>, <a title=\"A\/C\" href=\"https:\/\/karex.cz\/en\/other-services\/ac\/\">climate control<\/a>, <a title=\"Emissions and prepairing for MOT\" href=\"https:\/\/karex.cz\/en\/other-services\/emissions-and-prepairing-for-mot\/\">preparing vehicles for MOT<\/a>, tires, etc.<\/p>\n<h2 style=\"color: #00a8da;\"><\/h2>\n<h2 style=\"color: #00a8da;\">Bus service<\/h2>\n<p>We pro<img loading=\"lazy\" decoding=\"async\" class=\"alignleft\" src=\"https:\/\/karex.cz\/wp-content\/uploads\/2014\/07\/servis-autobusu.png\" alt=\"Servis autobus\u016f\" width=\"82\" height=\"77\" \/>vide routine maintenance, service inspections, warranty and <a title=\"Post-warranty service Truck&amp;Bus\" href=\"https:\/\/karex.cz\/en\/service\/post-warranty-service-truckbus\/\">post-warranty<\/a> repair of buses. Our years of experience, trained staff with the latest equipment is able to perform all repairs including supply of necessary <a title=\"Spare parts\" href=\"https:\/\/karex.cz\/en\/spare-parts\/\">spare parts<\/a> directly from our warehouse to ensure complete <a title=\"Service\" href=\"https:\/\/karex.cz\/en\/service\/\">bus service<\/a> for all brands.<\/p>\n<h2 style=\"color: #00a8da;\"><\/h2>\n<h2 style=\"color: #00a8da;\">Truck Service<\/h2>\n<p><img loading=\"lazy\" decoding=\"async\" class=\"alignleft\" src=\"https:\/\/karex.cz\/wp-content\/uploads\/2014\/07\/servis-nakladnich-vozidel.png\" alt=\"Servis n\u00e1kladn\u00edch vozidel\" width=\"82\" height=\"77\" \/>If you are looking for truck service, which takes care of maintenance or repair, you have come to the right place. Service Karex in Cerekvice nad Lou\u010dnou close to town Vysok\u00e9 M\u00fdto\u00a0is able to offer all repairs of trucks, trailers, semi-trailers and special bodies.<\/p>\n<p>For more information, please go to the section <a title=\"Service\" href=\"https:\/\/karex.cz\/en\/service\/\">Service<\/a> or <a title=\"Other services\" href=\"https:\/\/karex.cz\/en\/other-services\/\">Other services<\/a>.<\/p>\n<p style=\"color: #666666;\">\n","protected":false},"excerpt":{"rendered":"<p>Service trucks and buses IVECO Karex SpA provides an authorized service for buses IVECO BUS, Irisbus &#8211; IVECO and Karosa, authorized service for trucks and commercial vehicles IVECO. We also offer customer service for all brands of trucks and buses, and other services such as installation of independent heating, painting, climate control, preparing vehicles for [&hellip;]<\/p>\n","protected":false},"author":1,"featured_media":0,"parent":0,"menu_order":82,"comment_status":"closed","ping_status":"closed","template":"","meta":{"_acf_changed":false,"footnotes":""},"class_list":["post-204","page","type-page","status-publish","hentry"],"acf":[],"aioseo_notices":[],"_links":{"self":[{"href":"https:\/\/karex.cz\/en\/wp-json\/wp\/v2\/pages\/204","targetHints":{"allow":["GET"]}}],"collection":[{"href":"https:\/\/karex.cz\/en\/wp-json\/wp\/v2\/pages"}],"about":[{"href":"https:\/\/karex.cz\/en\/wp-json\/wp\/v2\/types\/page"}],"author":[{"embeddable":true,"href":"https:\/\/karex.cz\/en\/wp-json\/wp\/v2\/users\/1"}],"replies":[{"embeddable":true,"href":"https:\/\/karex.cz\/en\/wp-json\/wp\/v2\/comments?post=204"}],"version-history":[{"count":0,"href":"https:\/\/karex.cz\/en\/wp-json\/wp\/v2\/pages\/204\/revisions"}],"wp:attachment":[{"href":"https:\/\/karex.cz\/en\/wp-json\/wp\/v2\/media?parent=204"}],"curies":[{"name":"wp","href":"https:\/\/api.w.org\/{rel}","templated":true}]}}