{"id":556,"date":"2014-01-30T00:00:00","date_gmt":"2014-01-29T23:00:00","guid":{"rendered":"http:\/\/karex.cz\/?page_id=556"},"modified":"2022-12-31T13:50:08","modified_gmt":"2022-12-31T12:50:08","slug":"about-us","status":"publish","type":"page","link":"https:\/\/karex.cz\/en\/about-us\/","title":{"rendered":"About us"},"content":{"rendered":"<h2>Branch (service centre)<\/h2>\n<p><img loading=\"lazy\" decoding=\"async\" class=\"alignright\" src=\"https:\/\/karex.cz\/wp-content\/uploads\/2014\/07\/iso.jpg\" alt=\"ISO 9001\" width=\"139\" height=\"93\" \/><strong>Address<\/strong>: Cerekvice nad Lou\u010dnou 569 53<\/p>\n<ul>\n<li>Service IVECO BUS<\/li>\n<li>Service IVECO<\/li>\n<li>IVECO TruckStation<\/li>\n<li>Spare parts<\/li>\n<li>Painting<\/li>\n<li>Repairs and other services<\/li>\n<\/ul>\n<h2>Head office<\/h2>\n<p><strong> Address: <\/strong>148 00 Praha 4, Kloknerova 9\/2249<\/p>\n<ul>\n<li>Directorate<\/li>\n<li>Foreign sales<\/li>\n<\/ul>\n<p><strong>Date of establishment<\/strong>: 31.10. 1996<br \/>\n<strong>Company name:<\/strong>\u00a0KAREX, a.s.<br \/>\n<strong>Legal form:<\/strong>\u00a0joint-stock company<br \/>\n<strong>Registration:<\/strong>\u00a0The Municipal Court in Prague, sectionB, insert\u00a04409<br \/>\n<strong> TAX ID:<\/strong>\u00a025088491<br \/>\n<strong>TAX ID for VAT:<\/strong>\u00a0CZ25088491<\/p>\n<h3>Bank<\/h3>\n<p>\u010ceskoslovensk\u00e1 obchodn\u00ed banka, a.s.(\u010cSOB), PRAHA, Radlick\u00e1 333\/150, ZIP 150 57<\/p>\n<table>\n<tbody>\n<tr>\n<th style=\"text-align: center;\"><strong>CZK account<\/strong><\/th>\n<th style=\"text-align: center;\"><strong>EUR account<\/strong><\/th>\n<\/tr>\n<tr>\n<td><strong>Acc.no.:<\/strong> 200687003\/0300<\/td>\n<td><strong>Acc.no.:<\/strong> 68700280\/0300<\/td>\n<\/tr>\n<tr>\n<td><strong>IBAN:<\/strong> CZ74 0300 0000 0002 0068 7003<\/td>\n<td><strong>IBAN:<\/strong> CZ80 0300 1712 8002 0068 7003<\/td>\n<\/tr>\n<tr>\n<td><strong>SWIFT\/BIC:<\/strong> CEKOCZPP<\/td>\n<td><strong>SWIFT\/BIC:<\/strong> CEKOCZPP<\/td>\n<\/tr>\n<\/tbody>\n<\/table>\n","protected":false},"excerpt":{"rendered":"<p>Branch (service centre) Address: Cerekvice nad Lou\u010dnou 569 53 Service IVECO BUS Service IVECO IVECO TruckStation Spare parts Painting Repairs and other services Head office Address: 148 00 Praha 4, Kloknerova 9\/2249 Directorate Foreign sales Date of establishment: 31.10. 1996 Company name:\u00a0KAREX, a.s. Legal form:\u00a0joint-stock company Registration:\u00a0The Municipal Court in Prague, sectionB, insert\u00a04409 TAX ID:\u00a025088491 [&hellip;]<\/p>\n","protected":false},"author":1,"featured_media":0,"parent":0,"menu_order":40,"comment_status":"closed","ping_status":"closed","template":"","meta":{"_acf_changed":false,"footnotes":""},"class_list":["post-556","page","type-page","status-publish","hentry"],"acf":[],"aioseo_notices":[],"_links":{"self":[{"href":"https:\/\/karex.cz\/en\/wp-json\/wp\/v2\/pages\/556","targetHints":{"allow":["GET"]}}],"collection":[{"href":"https:\/\/karex.cz\/en\/wp-json\/wp\/v2\/pages"}],"about":[{"href":"https:\/\/karex.cz\/en\/wp-json\/wp\/v2\/types\/page"}],"author":[{"embeddable":true,"href":"https:\/\/karex.cz\/en\/wp-json\/wp\/v2\/users\/1"}],"replies":[{"embeddable":true,"href":"https:\/\/karex.cz\/en\/wp-json\/wp\/v2\/comments?post=556"}],"version-history":[{"count":2,"href":"https:\/\/karex.cz\/en\/wp-json\/wp\/v2\/pages\/556\/revisions"}],"predecessor-version":[{"id":38464,"href":"https:\/\/karex.cz\/en\/wp-json\/wp\/v2\/pages\/556\/revisions\/38464"}],"wp:attachment":[{"href":"https:\/\/karex.cz\/en\/wp-json\/wp\/v2\/media?parent=556"}],"curies":[{"name":"wp","href":"https:\/\/api.w.org\/{rel}","templated":true}]}}