{"id":623,"date":"2014-01-30T00:00:00","date_gmt":"2014-01-29T23:00:00","guid":{"rendered":"http:\/\/karex.cz\/?page_id=623"},"modified":"2021-05-10T05:40:15","modified_gmt":"2021-05-10T04:40:15","slug":"contact","status":"publish","type":"page","link":"https:\/\/karex.cz\/en\/contact\/","title":{"rendered":"Contact"},"content":{"rendered":"<h2>Authorized Service Centre<\/h2>\n<p><iframe loading=\"lazy\" class=\"iframe alignright\" src=\"https:\/\/www.google.com\/maps\/embed?pb=!1m14!1m8!1m3!1d10279.070249287684!2d16.206865!3d49.903167!3m2!1i1024!2i768!4f13.1!3m3!1m2!1s0x0%3A0xbef360bedd72e54c!2sKarex!5e0!3m2!1scs!2sus!4v1407249304140\" width=\"350\" height=\"280\" frameborder=\"0\"><\/iframe><\/p>\n<p><strong>Karex, a.s.<\/strong><br \/>\nCerekvice nad Lou\u010dnou<br \/>\n569 53, \u010cesk\u00e1 Republika<\/p>\n<p>Mo \u2013 Sa: 6:00 &#8211; 18:00<\/p>\n<p>&nbsp;<\/p>\n<p>&nbsp;<\/p>\n<p>&nbsp;<\/p>\n<h2>Head office<\/h2>\n<p><iframe loading=\"lazy\" class=\"iframe alignright\" style=\"border: 0;\" src=\"https:\/\/www.google.com\/maps\/embed?pb=!1m14!1m8!1m3!1d2562.6526592642012!2d14.487924999999997!3d50.036604!3m2!1i1024!2i768!4f13.1!3m3!1m2!1s0x470b93cb97899115%3A0xfb022e63f41b4649!2sKarex%2C+A.s.!5e0!3m2!1scs!2scz!4v1407251772767\" width=\"350\" height=\"170\" frameborder=\"0\"><\/iframe><\/p>\n<p><strong>Karex, a.s.<\/strong><br \/>\nKloknerova 9\/2249<br \/>\n148 00 Praha 4<\/p>\n<p>&nbsp;<\/p>\n","protected":false},"excerpt":{"rendered":"<p>Authorized Service Centre Karex, a.s. Cerekvice nad Lou\u010dnou 569 53, \u010cesk\u00e1 Republika Mo \u2013 Sa: 6:00 &#8211; 18:00 &nbsp; &nbsp; &nbsp; Head office Karex, a.s. Kloknerova 9\/2249 148 00 Praha 4 &nbsp;<\/p>\n","protected":false},"author":1,"featured_media":0,"parent":0,"menu_order":30,"comment_status":"closed","ping_status":"closed","template":"","meta":{"_acf_changed":false,"footnotes":""},"class_list":["post-623","page","type-page","status-publish","hentry"],"acf":[],"aioseo_notices":[],"_links":{"self":[{"href":"https:\/\/karex.cz\/en\/wp-json\/wp\/v2\/pages\/623","targetHints":{"allow":["GET"]}}],"collection":[{"href":"https:\/\/karex.cz\/en\/wp-json\/wp\/v2\/pages"}],"about":[{"href":"https:\/\/karex.cz\/en\/wp-json\/wp\/v2\/types\/page"}],"author":[{"embeddable":true,"href":"https:\/\/karex.cz\/en\/wp-json\/wp\/v2\/users\/1"}],"replies":[{"embeddable":true,"href":"https:\/\/karex.cz\/en\/wp-json\/wp\/v2\/comments?post=623"}],"version-history":[{"count":3,"href":"https:\/\/karex.cz\/en\/wp-json\/wp\/v2\/pages\/623\/revisions"}],"predecessor-version":[{"id":38359,"href":"https:\/\/karex.cz\/en\/wp-json\/wp\/v2\/pages\/623\/revisions\/38359"}],"wp:attachment":[{"href":"https:\/\/karex.cz\/en\/wp-json\/wp\/v2\/media?parent=623"}],"curies":[{"name":"wp","href":"https:\/\/api.w.org\/{rel}","templated":true}]}}