{"id":629,"date":"2014-01-30T00:00:00","date_gmt":"2014-01-29T23:00:00","guid":{"rendered":"http:\/\/karex.cz\/?page_id=629"},"modified":"2023-11-21T08:58:55","modified_gmt":"2023-11-21T07:58:55","slug":"spare-parts","status":"publish","type":"page","link":"https:\/\/karex.cz\/en\/contact\/spare-parts\/","title":{"rendered":"Spare parts"},"content":{"rendered":"<p><iframe loading=\"lazy\" class=\"iframe alignright\" src=\"https:\/\/www.google.com\/maps\/embed?pb=!1m14!1m8!1m3!1d10279.070249287684!2d16.206865!3d49.903167!3m2!1i1024!2i768!4f13.1!3m3!1m2!1s0x0%3A0xbef360bedd72e54c!2sKarex!5e0!3m2!1scs!2sus!4v1407249304140\" width=\"350\" height=\"280\" frameborder=\"0\"><\/iframe><\/p>\n<h2>Opening hours:<\/h2>\n<p><strong>Mo \u2013 Sa: <\/strong>6:00 &#8211; 18:00<br \/>\n<strong>Email<\/strong>: <a href=\"mailto:nd@karex.cz\">nd@karex.cz<\/a><\/p>\n<h2>Orders of spare parts:<\/h2>\n<table style=\"width: 82.5402%;\" border=\"0\">\n<tbody>\n<tr>\n<td style=\"width: 32.3731%;\"><strong>Luk\u00e1\u0161 KREJSA<\/strong><br \/>\n<em>Sales manager<br \/>\n<\/em><em><br \/>\n<\/em>Tel:\u00a0\u00a0\u00a0 +420 461 653 634<br \/>\nMob:\u00a0 +420 737 283 169<br \/>\nEmail: lukas.krejsa@karex.cz<\/td>\n<td style=\"width: 36.0821%;\"><\/td>\n<td style=\"width: 54.9055%;\"><strong>Luk\u00e1\u0161 STAN\u011aK<\/strong><br \/>\n<em>Spare part purchase<br \/>\n<\/em><em><br \/>\n<\/em>Tel:\u00a0\u00a0\u00a0 +420 461 653 637<br \/>\nMob:\u00a0 +420 737 283 166<br \/>\nEmail: lukas.stanek@karex.cz<\/td>\n<\/tr>\n<\/tbody>\n<\/table>\n<h3>Eshop:<\/h3>\n<p><a href=\"http:\/\/www.karex-shop.cz\" target=\"_blank\" rel=\"noopener noreferrer\">www.karex-shop.cz<\/a><\/p>\n","protected":false},"excerpt":{"rendered":"<p>Opening hours: Mo \u2013 Sa: 6:00 &#8211; 18:00 Email: nd@karex.cz Orders of spare parts: Luk\u00e1\u0161 KREJSA Sales manager Tel:\u00a0\u00a0\u00a0 +420 461 653 634 Mob:\u00a0 +420 737 283 169 Email: lukas.krejsa@karex.cz Luk\u00e1\u0161 STAN\u011aK Spare part purchase Tel:\u00a0\u00a0\u00a0 +420 461 653 637 Mob:\u00a0 +420 737 283 166 Email: lukas.stanek@karex.cz Eshop: www.karex-shop.cz<\/p>\n","protected":false},"author":1,"featured_media":0,"parent":623,"menu_order":56,"comment_status":"closed","ping_status":"closed","template":"","meta":{"_acf_changed":false,"footnotes":""},"class_list":["post-629","page","type-page","status-publish","hentry"],"acf":[],"aioseo_notices":[],"_links":{"self":[{"href":"https:\/\/karex.cz\/en\/wp-json\/wp\/v2\/pages\/629","targetHints":{"allow":["GET"]}}],"collection":[{"href":"https:\/\/karex.cz\/en\/wp-json\/wp\/v2\/pages"}],"about":[{"href":"https:\/\/karex.cz\/en\/wp-json\/wp\/v2\/types\/page"}],"author":[{"embeddable":true,"href":"https:\/\/karex.cz\/en\/wp-json\/wp\/v2\/users\/1"}],"replies":[{"embeddable":true,"href":"https:\/\/karex.cz\/en\/wp-json\/wp\/v2\/comments?post=629"}],"version-history":[{"count":4,"href":"https:\/\/karex.cz\/en\/wp-json\/wp\/v2\/pages\/629\/revisions"}],"predecessor-version":[{"id":38544,"href":"https:\/\/karex.cz\/en\/wp-json\/wp\/v2\/pages\/629\/revisions\/38544"}],"up":[{"embeddable":true,"href":"https:\/\/karex.cz\/en\/wp-json\/wp\/v2\/pages\/623"}],"wp:attachment":[{"href":"https:\/\/karex.cz\/en\/wp-json\/wp\/v2\/media?parent=629"}],"curies":[{"name":"wp","href":"https:\/\/api.w.org\/{rel}","templated":true}]}}